{"id":86,"date":"2022-12-16T13:39:05","date_gmt":"2022-12-16T13:39:05","guid":{"rendered":"http:\/\/www.epoxdemo.com.tr\/eyubogluas\/?page_id=86"},"modified":"2026-04-21T04:02:02","modified_gmt":"2026-04-21T07:02:02","slug":"ekibimiz","status":"publish","type":"page","link":"https:\/\/www.eyubogluas.com.tr\/en\/ekibimiz\/","title":{"rendered":"Our Team"},"content":{"rendered":"<div data-elementor-type=\"wp-page\" data-elementor-id=\"86\" class=\"elementor elementor-86\">\n\t\t\t\t\t\t\t\t\t<section class=\"elementor-section elementor-top-section elementor-element elementor-element-6ef21ae elementor-section-stretched tm-column-break-ipad-no tm-col-stretched-none elementor-section-boxed elementor-section-height-default elementor-section-height-default\" data-id=\"6ef21ae\" data-element_type=\"section\" data-settings=\"{&quot;stretch_section&quot;:&quot;section-stretched&quot;}\">\n\t\t\t\t\t\t\t<div class=\"elementor-background-overlay\"><\/div>\n\t\t\t\t\t\t\t<div class=\"elementor-container elementor-column-gap-default\">\n\t\t\t\t\t<div class=\"elementor-column elementor-col-100 elementor-top-column elementor-element elementor-element-f92eda1\" data-id=\"f92eda1\" data-element_type=\"column\">\n\t\t\t<div class=\"elementor-widget-wrap elementor-element-populated\">\n\t\t\t\t\t\t\t\t<div class=\"elementor-element elementor-element-9c3ba8b elementor-widget elementor-widget-heading\" data-id=\"9c3ba8b\" data-element_type=\"widget\" data-widget_type=\"heading.default\">\n\t\t\t\t<div class=\"elementor-widget-container\">\n\t\t\t<style>\/*! elementor - v3.9.2 - 21-12-2022 *\/\n.elementor-heading-title{padding:0;margin:0;line-height:1}.elementor-widget-heading .elementor-heading-title[class*=elementor-size-]>a{color:inherit;font-size:inherit;line-height:inherit}.elementor-widget-heading .elementor-heading-title.elementor-size-small{font-size:15px}.elementor-widget-heading .elementor-heading-title.elementor-size-medium{font-size:19px}.elementor-widget-heading .elementor-heading-title.elementor-size-large{font-size:29px}.elementor-widget-heading .elementor-heading-title.elementor-size-xl{font-size:39px}.elementor-widget-heading .elementor-heading-title.elementor-size-xxl{font-size:59px}<\/style><h2 class=\"elementor-heading-title elementor-size-default\">Our Team<\/h2>\t\t<\/div>\n\t\t\t\t<\/div>\n\t\t\t\t<section class=\"elementor-section elementor-inner-section elementor-element elementor-element-b2096ef tm-column-break-ipad-no tm-col-stretched-none elementor-section-boxed elementor-section-height-default elementor-section-height-default\" data-id=\"b2096ef\" data-element_type=\"section\">\n\t\t\t\t\t\t<div class=\"elementor-container elementor-column-gap-default\">\n\t\t\t\t\t<div class=\"elementor-column elementor-col-25 elementor-inner-column elementor-element elementor-element-5358b6f\" data-id=\"5358b6f\" data-element_type=\"column\">\n\t\t\t<div class=\"elementor-widget-wrap elementor-element-populated\">\n\t\t\t\t\t\t\t\t<div class=\"elementor-element elementor-element-c1be5ec elementor-widget elementor-widget-image\" data-id=\"c1be5ec\" data-element_type=\"widget\" data-widget_type=\"image.default\">\n\t\t\t\t<div class=\"elementor-widget-container\">\n\t\t\t<style>\/*! elementor - v3.9.2 - 21-12-2022 *\/\n.elementor-widget-image{text-align:center}.elementor-widget-image a{display:inline-block}.elementor-widget-image a img[src$=\".svg\"]{width:48px}.elementor-widget-image img{vertical-align:middle;display:inline-block}<\/style>\t\t\t\t\t\t\t\t\t\t\t\t\t<a href=\"https:\/\/www.eyubogluas.com.tr\/en\/samiye-eyuboglu\/\">\n\t\t\t\t\t\t\t<img loading=\"lazy\" decoding=\"async\" width=\"768\" height=\"1024\" src=\"https:\/\/www.eyubogluas.com.tr\/wp-content\/uploads\/2023\/01\/SAMIYE-EYUBOGLU.jpeg\" class=\"attachment-large size-large wp-image-665\" alt=\"\" srcset=\"https:\/\/www.eyubogluas.com.tr\/wp-content\/uploads\/2023\/01\/SAMIYE-EYUBOGLU.jpeg 768w, https:\/\/www.eyubogluas.com.tr\/wp-content\/uploads\/2023\/01\/SAMIYE-EYUBOGLU-225x300.jpeg 225w, https:\/\/www.eyubogluas.com.tr\/wp-content\/uploads\/2023\/01\/SAMIYE-EYUBOGLU-383x510.jpeg 383w\" sizes=\"auto, (max-width: 768px) 100vw, 768px\" data-id=\"665\" \/>\t\t\t\t\t\t\t\t<\/a>\n\t\t\t\t\t\t\t\t\t\t\t\t\t\t\t<\/div>\n\t\t\t\t<\/div>\n\t\t\t\t<div class=\"elementor-element elementor-element-76e4abe elementor-widget elementor-widget-heading\" data-id=\"76e4abe\" data-element_type=\"widget\" data-widget_type=\"heading.default\">\n\t\t\t\t<div class=\"elementor-widget-container\">\n\t\t\t<h2 class=\"elementor-heading-title elementor-size-default\"><a href=\"https:\/\/www.eyubogluas.com.tr\/en\/samiye-eyuboglu\/\">SAM\u0130YE EYUBO\u011eLU <\/a><\/h2>\t\t<\/div>\n\t\t\t\t<\/div>\n\t\t\t\t<div class=\"elementor-element elementor-element-c0bd5d6 elementor-widget elementor-widget-heading\" data-id=\"c0bd5d6\" data-element_type=\"widget\" data-widget_type=\"heading.default\">\n\t\t\t\t<div class=\"elementor-widget-container\">\n\t\t\t<h2 class=\"elementor-heading-title elementor-size-default\">Chairman of the Directors Board<\/h2>\t\t<\/div>\n\t\t\t\t<\/div>\n\t\t\t\t\t<\/div>\n\t\t<\/div>\n\t\t\t\t<div class=\"elementor-column elementor-col-25 elementor-inner-column elementor-element elementor-element-a13257b\" data-id=\"a13257b\" data-element_type=\"column\">\n\t\t\t<div class=\"elementor-widget-wrap elementor-element-populated\">\n\t\t\t\t\t\t\t\t<div class=\"elementor-element elementor-element-619a55a elementor-widget elementor-widget-image\" data-id=\"619a55a\" data-element_type=\"widget\" data-widget_type=\"image.default\">\n\t\t\t\t<div class=\"elementor-widget-container\">\n\t\t\t\t\t\t\t\t\t\t\t\t\t\t\t\t<a href=\"https:\/\/www.eyubogluas.com.tr\/en\/ceren-eyuboglu-ozcelik\/\">\n\t\t\t\t\t\t\t<img loading=\"lazy\" decoding=\"async\" width=\"768\" height=\"1024\" src=\"https:\/\/www.eyubogluas.com.tr\/wp-content\/uploads\/2023\/01\/CEREN-EYUBOGLU-OZCELIK.jpeg\" class=\"attachment-large size-large wp-image-666\" alt=\"\" srcset=\"https:\/\/www.eyubogluas.com.tr\/wp-content\/uploads\/2023\/01\/CEREN-EYUBOGLU-OZCELIK.jpeg 768w, https:\/\/www.eyubogluas.com.tr\/wp-content\/uploads\/2023\/01\/CEREN-EYUBOGLU-OZCELIK-225x300.jpeg 225w, https:\/\/www.eyubogluas.com.tr\/wp-content\/uploads\/2023\/01\/CEREN-EYUBOGLU-OZCELIK-383x510.jpeg 383w\" sizes=\"auto, (max-width: 768px) 100vw, 768px\" data-id=\"666\" \/>\t\t\t\t\t\t\t\t<\/a>\n\t\t\t\t\t\t\t\t\t\t\t\t\t\t\t<\/div>\n\t\t\t\t<\/div>\n\t\t\t\t<div class=\"elementor-element elementor-element-0ad870d elementor-widget elementor-widget-heading\" data-id=\"0ad870d\" data-element_type=\"widget\" data-widget_type=\"heading.default\">\n\t\t\t\t<div class=\"elementor-widget-container\">\n\t\t\t<h2 class=\"elementor-heading-title elementor-size-default\"><a href=\"https:\/\/www.eyubogluas.com.tr\/en\/ceren-eyuboglu-ozcelik\/\">CEREN EYUBO\u011eLU <\/a><\/h2>\t\t<\/div>\n\t\t\t\t<\/div>\n\t\t\t\t<div class=\"elementor-element elementor-element-5c493e7 elementor-widget elementor-widget-heading\" data-id=\"5c493e7\" data-element_type=\"widget\" data-widget_type=\"heading.default\">\n\t\t\t\t<div class=\"elementor-widget-container\">\n\t\t\t<h2 class=\"elementor-heading-title elementor-size-default\"><a href=\"https:\/\/www.eyubogluas.com.tr\/en\/ceren-eyuboglu-ozcelik\/\">Overseas Department Manager<\/a><\/h2>\t\t<\/div>\n\t\t\t\t<\/div>\n\t\t\t\t\t<\/div>\n\t\t<\/div>\n\t\t\t\t<div class=\"elementor-column elementor-col-25 elementor-inner-column elementor-element elementor-element-63b2c45\" data-id=\"63b2c45\" data-element_type=\"column\">\n\t\t\t<div class=\"elementor-widget-wrap elementor-element-populated\">\n\t\t\t\t\t\t\t\t<div class=\"elementor-element elementor-element-d324c36 elementor-widget elementor-widget-image\" data-id=\"d324c36\" data-element_type=\"widget\" data-widget_type=\"image.default\">\n\t\t\t\t<div class=\"elementor-widget-container\">\n\t\t\t\t\t\t\t\t\t\t\t\t\t\t\t\t<a href=\"https:\/\/www.eyubogluas.com.tr\/en\/aytug-anlayisli\/\">\n\t\t\t\t\t\t\t<img loading=\"lazy\" decoding=\"async\" width=\"768\" height=\"1024\" src=\"https:\/\/www.eyubogluas.com.tr\/wp-content\/uploads\/2023\/02\/aytug.jpeg\" class=\"attachment-large size-large wp-image-788\" alt=\"\" srcset=\"https:\/\/www.eyubogluas.com.tr\/wp-content\/uploads\/2023\/02\/aytug.jpeg 768w, https:\/\/www.eyubogluas.com.tr\/wp-content\/uploads\/2023\/02\/aytug-225x300.jpeg 225w, https:\/\/www.eyubogluas.com.tr\/wp-content\/uploads\/2023\/02\/aytug-383x510.jpeg 383w\" sizes=\"auto, (max-width: 768px) 100vw, 768px\" data-id=\"788\" \/>\t\t\t\t\t\t\t\t<\/a>\n\t\t\t\t\t\t\t\t\t\t\t\t\t\t\t<\/div>\n\t\t\t\t<\/div>\n\t\t\t\t<div class=\"elementor-element elementor-element-202c1b3 elementor-widget elementor-widget-heading\" data-id=\"202c1b3\" data-element_type=\"widget\" data-widget_type=\"heading.default\">\n\t\t\t\t<div class=\"elementor-widget-container\">\n\t\t\t<h2 class=\"elementor-heading-title elementor-size-default\"><a href=\"https:\/\/www.eyubogluas.com.tr\/en\/aytug-anlayisli\/\">AYTU\u011e ANLAYI\u015eLI<\/a><\/h2>\t\t<\/div>\n\t\t\t\t<\/div>\n\t\t\t\t<div class=\"elementor-element elementor-element-82bcce3 elementor-widget elementor-widget-heading\" data-id=\"82bcce3\" data-element_type=\"widget\" data-widget_type=\"heading.default\">\n\t\t\t\t<div class=\"elementor-widget-container\">\n\t\t\t<h2 class=\"elementor-heading-title elementor-size-default\">Patent Consultant <\/h2>\t\t<\/div>\n\t\t\t\t<\/div>\n\t\t\t\t\t<\/div>\n\t\t<\/div>\n\t\t\t\t<div class=\"elementor-column elementor-col-25 elementor-inner-column elementor-element elementor-element-3a4a34c\" data-id=\"3a4a34c\" data-element_type=\"column\">\n\t\t\t<div class=\"elementor-widget-wrap elementor-element-populated\">\n\t\t\t\t\t\t\t\t<div class=\"elementor-element elementor-element-eac4546 elementor-widget elementor-widget-image\" data-id=\"eac4546\" data-element_type=\"widget\" data-widget_type=\"image.default\">\n\t\t\t\t<div class=\"elementor-widget-container\">\n\t\t\t\t\t\t\t\t\t\t\t\t\t\t\t\t<a href=\"https:\/\/www.eyubogluas.com.tr\/en\/betul-kurt\/\">\n\t\t\t\t\t\t\t<img loading=\"lazy\" decoding=\"async\" width=\"768\" height=\"1024\" src=\"https:\/\/www.eyubogluas.com.tr\/wp-content\/uploads\/2026\/04\/Betul-Kurt.jpg\" class=\"attachment-large size-large wp-image-1143\" alt=\"\" srcset=\"https:\/\/www.eyubogluas.com.tr\/wp-content\/uploads\/2026\/04\/Betul-Kurt.jpg 768w, https:\/\/www.eyubogluas.com.tr\/wp-content\/uploads\/2026\/04\/Betul-Kurt-225x300.jpg 225w, https:\/\/www.eyubogluas.com.tr\/wp-content\/uploads\/2026\/04\/Betul-Kurt-9x12.jpg 9w, https:\/\/www.eyubogluas.com.tr\/wp-content\/uploads\/2026\/04\/Betul-Kurt-383x510.jpg 383w\" sizes=\"auto, (max-width: 768px) 100vw, 768px\" data-id=\"1143\" \/>\t\t\t\t\t\t\t\t<\/a>\n\t\t\t\t\t\t\t\t\t\t\t\t\t\t\t<\/div>\n\t\t\t\t<\/div>\n\t\t\t\t<div class=\"elementor-element elementor-element-7725ecb elementor-widget elementor-widget-heading\" data-id=\"7725ecb\" data-element_type=\"widget\" data-widget_type=\"heading.default\">\n\t\t\t\t<div class=\"elementor-widget-container\">\n\t\t\t<h2 class=\"elementor-heading-title elementor-size-default\"><a href=\"https:\/\/www.eyubogluas.com.tr\/en\/betul-kurt\/\">BET\u00dcL KURT<\/a><\/h2>\t\t<\/div>\n\t\t\t\t<\/div>\n\t\t\t\t<div class=\"elementor-element elementor-element-64dbb00 elementor-widget elementor-widget-heading\" data-id=\"64dbb00\" data-element_type=\"widget\" data-widget_type=\"heading.default\">\n\t\t\t\t<div class=\"elementor-widget-container\">\n\t\t\t<h2 class=\"elementor-heading-title elementor-size-default\">Accountant<\/h2>\t\t<\/div>\n\t\t\t\t<\/div>\n\t\t\t\t\t<\/div>\n\t\t<\/div>\n\t\t\t\t\t\t\t<\/div>\n\t\t<\/section>\n\t\t\t\t<section class=\"elementor-section elementor-inner-section elementor-element elementor-element-7529e0a tm-column-break-ipad-no tm-col-stretched-none elementor-section-boxed elementor-section-height-default elementor-section-height-default\" data-id=\"7529e0a\" data-element_type=\"section\">\n\t\t\t\t\t\t<div class=\"elementor-container elementor-column-gap-default\">\n\t\t\t\t\t<div class=\"elementor-column elementor-col-33 elementor-inner-column elementor-element elementor-element-491086e\" data-id=\"491086e\" data-element_type=\"column\">\n\t\t\t<div class=\"elementor-widget-wrap\">\n\t\t\t\t\t\t\t\t\t<\/div>\n\t\t<\/div>\n\t\t\t\t<div class=\"elementor-column elementor-col-33 elementor-inner-column elementor-element elementor-element-f6cdeac\" data-id=\"f6cdeac\" data-element_type=\"column\">\n\t\t\t<div class=\"elementor-widget-wrap\">\n\t\t\t\t\t\t\t\t\t<\/div>\n\t\t<\/div>\n\t\t\t\t<div class=\"elementor-column elementor-col-33 elementor-inner-column elementor-element elementor-element-06ed2be\" data-id=\"06ed2be\" data-element_type=\"column\">\n\t\t\t<div class=\"elementor-widget-wrap\">\n\t\t\t\t\t\t\t\t\t<\/div>\n\t\t<\/div>\n\t\t\t\t\t\t\t<\/div>\n\t\t<\/section>\n\t\t\t\t\t<\/div>\n\t\t<\/div>\n\t\t\t\t\t\t\t<\/div>\n\t\t<\/section>\n\t\t\t\t\t\t\t<\/div>","protected":false},"excerpt":{"rendered":"<p>Ekibimiz SAM\u0130YE EYUBO\u011eLU Y\u00f6netim Kurulu Ba\u015fkan\u0131 CEREN EYUBO\u011eLU Yurt D\u0131\u015f\u0131 Departman Y\u00f6neticisi AYTU\u011e ANLAYI\u015eLI Patent Dan\u0131\u015fman\u0131 BET\u00dcL KURT \u00d6n Muhasebeci<\/p>","protected":false},"author":1,"featured_media":0,"parent":0,"menu_order":0,"comment_status":"closed","ping_status":"closed","template":"","meta":{"footnotes":""},"class_list":["post-86","page","type-page","status-publish","hentry"],"_links":{"self":[{"href":"https:\/\/www.eyubogluas.com.tr\/en\/wp-json\/wp\/v2\/pages\/86","targetHints":{"allow":["GET"]}}],"collection":[{"href":"https:\/\/www.eyubogluas.com.tr\/en\/wp-json\/wp\/v2\/pages"}],"about":[{"href":"https:\/\/www.eyubogluas.com.tr\/en\/wp-json\/wp\/v2\/types\/page"}],"author":[{"embeddable":true,"href":"https:\/\/www.eyubogluas.com.tr\/en\/wp-json\/wp\/v2\/users\/1"}],"replies":[{"embeddable":true,"href":"https:\/\/www.eyubogluas.com.tr\/en\/wp-json\/wp\/v2\/comments?post=86"}],"version-history":[{"count":52,"href":"https:\/\/www.eyubogluas.com.tr\/en\/wp-json\/wp\/v2\/pages\/86\/revisions"}],"predecessor-version":[{"id":1154,"href":"https:\/\/www.eyubogluas.com.tr\/en\/wp-json\/wp\/v2\/pages\/86\/revisions\/1154"}],"wp:attachment":[{"href":"https:\/\/www.eyubogluas.com.tr\/en\/wp-json\/wp\/v2\/media?parent=86"}],"curies":[{"name":"wp","href":"https:\/\/api.w.org\/{rel}","templated":true}]}}