{"id":39,"date":"2022-12-16T13:23:22","date_gmt":"2022-12-16T13:23:22","guid":{"rendered":"http:\/\/www.epoxdemo.com.tr\/eyubogluas\/?page_id=39"},"modified":"2023-01-19T14:36:23","modified_gmt":"2023-01-19T14:36:23","slug":"patent-tescili","status":"publish","type":"page","link":"https:\/\/www.eyubogluas.com.tr\/en\/patent-tescili\/","title":{"rendered":"Patent"},"content":{"rendered":"<div data-elementor-type=\"wp-page\" data-elementor-id=\"39\" class=\"elementor elementor-39\">\n\t\t\t\t\t\t\t\t\t<section class=\"elementor-section elementor-top-section elementor-element elementor-element-9cffaef tm-column-break-ipad-no tm-col-stretched-none elementor-section-boxed elementor-section-height-default elementor-section-height-default\" data-id=\"9cffaef\" data-element_type=\"section\">\n\t\t\t\t\t\t<div class=\"elementor-container elementor-column-gap-default\">\n\t\t\t\t\t<div class=\"elementor-column elementor-col-100 elementor-top-column elementor-element elementor-element-bef93e4\" data-id=\"bef93e4\" data-element_type=\"column\">\n\t\t\t<div class=\"elementor-widget-wrap elementor-element-populated\">\n\t\t\t\t\t\t\t\t<div class=\"elementor-element elementor-element-30badf8 elementor-widget elementor-widget-text-editor\" data-id=\"30badf8\" data-element_type=\"widget\" data-widget_type=\"text-editor.default\">\n\t\t\t\t<div class=\"elementor-widget-container\">\n\t\t\t<style>\/*! elementor - v3.9.2 - 21-12-2022 *\/\n.elementor-widget-text-editor.elementor-drop-cap-view-stacked .elementor-drop-cap{background-color:#818a91;color:#fff}.elementor-widget-text-editor.elementor-drop-cap-view-framed .elementor-drop-cap{color:#818a91;border:3px solid;background-color:transparent}.elementor-widget-text-editor:not(.elementor-drop-cap-view-default) .elementor-drop-cap{margin-top:8px}.elementor-widget-text-editor:not(.elementor-drop-cap-view-default) .elementor-drop-cap-letter{width:1em;height:1em}.elementor-widget-text-editor .elementor-drop-cap{float:left;text-align:center;line-height:1;font-size:50px}.elementor-widget-text-editor .elementor-drop-cap-letter{display:inline-block}<\/style>\t\t\t\t<div class=\"container\"><div class=\"vc_row wpb_row vc_row-fluid\"><div class=\"wpb_column vc_column_container vc_col-sm-12\"><div class=\"vc_column-inner\"><div class=\"wpb_wrapper\"><div class=\"wpb_text_column wpb_content_element\"><div class=\"wpb_wrapper\"><p><strong>Patent Application and Registration Procedures<\/strong><\/p><ul><li>Before the application, preliminary research on the invention subject using various databases in the world and Turkey depending upon to the client\u2019s request, and evaluation of the findings in the framework of the obtained results and preparation of the file and filing before Turkish Patent and Trademark Office (TURKISH PATENT).<\/li><li>Following and executing of all transactions before and after application within the legal periods<\/li><li>Proceeding all legal procedures such as licensing, transfer, change of name\/address\/type of the firm or holder after the application or registration of patent\/utility model.<\/li><li>Watching annual fees of the patents and informing the clients about due dates of the payments in order to renew the patent protection.Watching annual fees of the patents and informing the Clients about due dates of the payments in order to renew the patent protection.<\/li><\/ul><\/div><\/div><div class=\"wpb_text_column wpb_content_element\"><div class=\"wpb_wrapper\"><p><strong>General Information About Patent<\/strong><\/p><p>The patent is a scientific and technical discovery, or official document which shows the right to use such an invention in the field of application. In other words, Patent is an industrial property right that gives the patentee the right to use, dispose of, sell for sale, or import for a certain period of time without permission by others. Patents are granted to innovations in all aspects of technology, on condition that they are new, contain the title of invention, and are applicable to the industry.<\/p><p>In this respect, patents represent a social contract between society and inventors as a whole. Patents are known as innovations or \u201cknow-how\u201d or \u201ctrade secrets\u201d that the inventor chooses to keep secret. Patents used to protect according to the Decree Law on the Protection of Marks No 556 but now they are protected according to the Industrial Property Law No. 6769 published on 10.01.2017.sWhat is Invention?<\/p><\/div><\/div><div class=\"wpb_text_column wpb_content_element\"><div class=\"wpb_wrapper\"><p><strong>What is Invention?<\/strong><\/p><p>Invention is the solution of a technical problem in any kind of industry including agriculture. The invention is to develop something that has not been found before with the thought of man. The invention is new technical solutions for solving a specific problem in the field of technology.<\/p><\/div><\/div><div class=\"wpb_text_column wpb_content_element\"><div class=\"wpb_wrapper\"><p><strong>What is patentability?<\/strong><\/p><p>As explained above, the patent is a protection document given in general terms to technical innovations. Patent documents are protection documents granting the right to produce, use, sell or export the invention for a specified period of time for new inventions that can be applied to the industry and exceeding the state of the technic.<\/p><p>Innovation; It is an absolute innovation in the sense of being not verbally or inadvertently written by others at any place in the world before the application is made. It is accepted that the invention, which is not included in the known state of the art, is new.<\/p><ul><li><strong>Yenilik<\/strong>; ba\u015fvuru yap\u0131lmadan \u00f6nce d\u00fcnyan\u0131n herhangi bir yerinde ba\u015fkalar\u0131 taraf\u0131ndan yaz\u0131l\u0131, s\u00f6zl\u00fc ya da uygulanarak a\u00e7\u0131klanmam\u0131\u015f olmak anlam\u0131nda mutlak yeniliktir. Tekni\u011fin bilinen durumuna dahil olmayan bulu\u015fun yeni oldu\u011fu kabul edilir.<\/li><li class=\" translation-block\">Exceeding the state of the art: It means the quality that an expert person cannot easily think about and apply it.<\/li><li class=\" translation-block\">Industrial applicability: It means the invention is applicable to the entire theoretical rather than practical feature. It must be producible or usable in any kind of industry including agriculture.<\/li><\/ul><\/div><\/div><div class=\"wpb_text_column wpb_content_element\"><div class=\"wpb_wrapper\"><p><strong>Scope of Patent Protection:<\/strong><\/p><p>The patentee benefits the patent right without any distinction as to the location of the meeting, the technology field and whether the products are imported or domestic. The patent protection period is 20 years, starting from the application date.<\/p><p>The patentee has rights that;<\/p><ul><li>To prevent the patentee from producing, selling, using or importing the patented product and for any other reason other than the personal need for such purposes<\/li><li>Use of a patented method,<\/li><li>the proposal of the use of a procedural patent which is known or known to be prohibited to be used,<\/li><li>to prevent the sale of the products obtained directly by the patented method of handling the patent, the use, the importation, or any other reason for these purposes, other than<\/li><\/ul><p>personal needss<\/p><p>Patent Document Granted in Turkey is Only Valid in Turkey. Patent protection is national. Invention is just protected in accordance with legal arrangements of the country where the application is held. In other words, the patent you protect in Turkey protects you only within the borders of Turkey. But if you want to protect your patent abroad, you can also register your patent in other countries. It is possible to apply for a single patent application in more than one country with international agreements that our country is a party to.<\/p><p>Patent protection of inventions is provided within the framework of national law applicable in each country. In order to protect a new invention with a patent, patent applications must be filed in every country where protection is requested.<\/p><\/div><\/div><div class=\"wpb_text_column wpb_content_element\"><div class=\"wpb_wrapper\"><p><strong>Requests Can Be Claimed by the Patentee Whose Rights Have Benn Infringed<\/strong><\/p><ul><li>Stopping the act of infringement of patent rights,<\/li><li>Removal of rape, compensation for material and moral hazard,<\/li><li>Request for seizure of products which are produced or imported by means of infringement of patent rights, vehicles which are used directly in the production thereof, and means which provide for the use of a patented method.<\/li><li>It may be required to take measures to prevent further patent<\/li><\/ul><p>infringement.<\/p><\/div><\/div><div class=\"wpb_text_column wpb_content_element\"><div class=\"wpb_wrapper\"><p><strong>Subjects and Inventions Which are not Patentable?<\/strong><\/p><p>Since the following are not inventions, they are not protected by patent:<\/p><ul><li>Discoveries, scientific theories, mathematical methods;<\/li><li>Schemes, methods and rules concerning mental, commercial and game activities;<\/li><li>Computer programs<\/li><li>Literature and art works, scientific works, creations with aesthetic natur<\/li><li>Presentation of information<\/li><\/ul><p>The following inventions are not patented:<\/p><ul><li>Inventions contrary to public order and general ethical;<\/li><li>Surgery and treatment methods to be applied in human and animal body and diagnostic methods related with human or animal body;<\/li><li>Essentially biological processes for production of plants or animals and plant varieties or animal breeds (Except for microbiological processes or products resulting from these processes)<\/li><li>Only the discovery of one of the elements of the human body, including the human body and a gene array or partial gene array at various stages of formation and development;<\/li><li>Human cloning procedures, procedures for changing the genetic identity of the human gender line, use of human embryos for industrial or commercial purposes, genetic modification procedures that may cause pain to animals without significant medical benefit to humans and animals and animals as a result of these operations.<\/li><\/ul><\/div><\/div><div class=\"wpb_text_column wpb_content_element\"><div class=\"wpb_wrapper\"><p><strong>Documents Required to make a Patent Application:<\/strong><\/p><ol><li class=\" translation-block\">Specification : In order for an invention to be protected by a patent, it must be explained in detail. The specification should specify the technical field to which the invention relates, the known state of the technique, the technical problems aimed at the solution of the invention, the descriptions of the technical illustrations and the manner in which the invention is applied to the industrialization.<\/li><li class=\" translation-block\">Abstract: It is a very short term that gives general information about innovation. The summary serves only to provide technical information.<\/li><li class=\" translation-block\">Claims: They are texts that describe the elements of protection of innovation. Claims are the most important part of the patent file. The claims or claims define the desired elements of protection of the invention. Every request must be clear and concise. The basis of the claim or claims is specification. The claims or claims shall not exceed the scope of the invention as defined in the specification.<\/li><li class=\" translation-block\">Technical Drawings :Any technical drawings, perspectives, flow charts describing innovation should be given in A4 paper size.<\/li><li class=\" translation-block\">Application Fileincluding Application and Applicant Information: In case the applicant is a real person, name, surname or in case of a firm, firm details and contact details and name, surname and contact details of inventor (inventors) should be included.<\/li><\/ol><\/div><\/div><div class=\"wpb_text_column wpb_content_element\"><div class=\"wpb_wrapper\"><p><strong>Application and Examination<\/strong><\/p><p>The required documents listed above are prepared and applied to the TURKISH PATENT. After the application, the TURKISH PATENT makes an examination in terms of the formal conditions. If it is found that the application is not in conformity with the formal conditions, it is requested that the applicant submit the missing within two months from the notification date.<\/p><p>The applicant asks for a survey with or without a notification, paying the fee within twelve months from the date of the application. Otherwise the application will be considered withdrawn. If the application is found to be lacking in conformity with the formal conditions or if the deficiencies are resolved within the period a research report will be prepared, in case of the applicant has a request for a research, the applicant is informed and published in bulletin.<\/p><p>The applicant requests the examination of the research report by paying the fee within three months from the date of notification. Otherwise the application will be considered withdrawn.<\/p><p>Third parties may appeal the patent by paying the fee within six months of its publication in bulletin. Opposition will be examined by the Office, taking into account the views of the patent.<\/p><\/div><\/div><div class=\"wpb_text_column wpb_content_element\"><div class=\"wpb_wrapper\"><p><strong>PATENT PUBLICATION NUMBER, KIND CODES in TURKIYE<\/strong><\/p><p>Official patent bulletins in Turkey are published by the Turkish Patent and Trademark Institution (TURKPATENT) after the 20th of each month. In the official patent bulletins published by T\u00dcRKPATENT, there are publication numbers related to each published patent or utility model publication as follows. There are kind codes consisting of a letter or a letter with a number next to it  at the end of the publication number. The meanings of these kind codes are as follows.<\/p><p><u>Example Patent Publication Number:<\/u>: TR 2019 89653<strong> B<\/strong><\/p><p><u>Example Patent Kind (Publication) Code:B<\/u>:<strong> B<\/strong><\/p><p><strong><u>Patent<\/u><\/strong><\/p><p class=\" translation-block\">B: Registered national patent publication. (Registration)<\/p><p class=\" translation-block\">A1: Patent application + search report publication. If the search report of the patent application is prepared before the publication date, the application is published together with the search report in the 18th month. (Application and Search Report)<\/p><p class=\" translation-block\">A2: Patent application publication only. If a research report has not been prepared in the 18th month, only the application is published. Even if early publication is requested, only the application is published. (Application)<\/p><p class=\" translation-block\">A3: Only patent search report publication. Only search report publication after application. (Search Report)<\/p><p><strong><u>Utility Model<\/u><\/strong><\/p><p class=\" translation-block\">Y: Registered national utility model publication. (Registration)<\/p><p class=\" translation-block\">U: Utility model application publication. (Application)<\/p><p class=\" translation-block\">U3: Publication of utility model search report only. Search report of the previously published utility model application. (Search Report)<\/p><p class=\" translation-block\">U4: Utility model application published together with the search report. (Application and Search Report)<\/p><p class=\" translation-block\">U5: Utility model application published without a search report. (Application)<\/p><p>\u00a0<\/p><p><strong><u>European Patent<\/u><\/strong><\/p><p class=\" translation-block\">T3: European patent application publication with claims published. (Application)<\/p><p class=\" translation-block\">T4: European patent fascicule publication. European patents, the fascicule of which have been published on the granting of European patents (validated in Turkey). (Registration)<\/p><p><strong><u>\u00a0<\/u><\/strong><\/p><p><strong><u>PCT (Patent Cooperation Treaty \u2013 Patent \u0130\u015f Birli\u011fi Antla\u015fmas\u0131)\u00a0 <\/u><\/strong><\/p><p class=\" translation-block\">T3: European patent application publication with claims published. (Application)<\/p><p class=\" translation-block\">T4: European patent fascicule publication. European patents, the fascicule of which have been published on the granting of European patents (validated in Turkey). (Registration)<\/p><p class=\" translation-block\">U1: The publication of the utility model application that entered the national stage with the Chapter I of the PCT (Patent Cooperation Treaty). (Application)<\/p><p><strong>U2: The publication of the utility model application entering the national stage with the Chapter II of the PCT (Patent Cooperation Treaty). (Application)<\/strong> PCT 2. k\u0131s\u0131m ile ulusal a\u015famaya giren <strong>patent<\/strong> ba\u015fvurusu. (<u>Ba\u015fvuru<\/u>)<\/p><p class=\" translation-block\">T1: Patent application that entered the national stage with the PCT chapter I and published together with the search report. (Application and Search Report)<\/p><p class=\" translation-block\">T2: Patent application entering the national stage with PCT Chapter II. (Application)<\/p><p class=\" translation-block\">T: Application and search report publication of the patent entered with PCT. (Application and Research Report)<\/p><p class=\" translation-block\">T5: Utility model application entered with PCT and published with a search report prepared by TURKPATENT. (Application and Search Report)<\/p><p class=\" translation-block\">T6: Utility model application entered with PCT. (Application)<\/p><p><strong><u>Integrated Circuit Topography<\/u><\/strong><\/p><p><strong>TB:<\/strong> <strong>Integrated Circuit Topography<\/strong> registration publication.<u>(Registration)<\/u>)<\/p><\/div><\/div><\/div><\/div><\/div><\/div><\/div>\t\t\t\t\t\t<\/div>\n\t\t\t\t<\/div>\n\t\t\t\t\t<\/div>\n\t\t<\/div>\n\t\t\t\t\t\t\t<\/div>\n\t\t<\/section>\n\t\t\t\t\t\t\t<\/div>","protected":false},"excerpt":{"rendered":"<p>Patent Ba\u015fvurusu ve Tescil \u0130\u015flemleri Ba\u015fvuru \u00f6ncesinde D\u00fcnyada ve T\u00fcrkiye\u2019de \u00c7e\u015fitli veri tabanlar\u0131 kullan\u0131larak, bulu\u015f konusu hakk\u0131nda m\u00fcvekkilin iste\u011fine ba\u011fl\u0131 olarak \u00f6n ara\u015ft\u0131rma yap\u0131lmas\u0131 ve elde edilen sonu\u00e7lar \u00e7er\u00e7evesinde bulu\u015fun de\u011ferlendirilmesi, elde edilen verilere g\u00f6re ba\u015fvuru dosyas\u0131n\u0131n haz\u0131rlanmas\u0131 ve T\u00fcrk Patent ve Marka Kurumu\u2019nda dosyalanmas\u0131. Ba\u015fvuru\/tescil sonras\u0131nda t\u00fcm i\u015flemlerin, yasal s\u00fcreler i\u00e7erisinde takip edilmesi ve &hellip; <a href=\"https:\/\/www.eyubogluas.com.tr\/en\/patent-tescili\/\" class=\"more-link\">Continue reading <span class=\"screen-reader-text\">Patent<\/span><\/a><\/p>","protected":false},"author":1,"featured_media":0,"parent":0,"menu_order":0,"comment_status":"closed","ping_status":"closed","template":"","meta":{"footnotes":""},"class_list":["post-39","page","type-page","status-publish","hentry"],"_links":{"self":[{"href":"https:\/\/www.eyubogluas.com.tr\/en\/wp-json\/wp\/v2\/pages\/39","targetHints":{"allow":["GET"]}}],"collection":[{"href":"https:\/\/www.eyubogluas.com.tr\/en\/wp-json\/wp\/v2\/pages"}],"about":[{"href":"https:\/\/www.eyubogluas.com.tr\/en\/wp-json\/wp\/v2\/types\/page"}],"author":[{"embeddable":true,"href":"https:\/\/www.eyubogluas.com.tr\/en\/wp-json\/wp\/v2\/users\/1"}],"replies":[{"embeddable":true,"href":"https:\/\/www.eyubogluas.com.tr\/en\/wp-json\/wp\/v2\/comments?post=39"}],"version-history":[{"count":6,"href":"https:\/\/www.eyubogluas.com.tr\/en\/wp-json\/wp\/v2\/pages\/39\/revisions"}],"predecessor-version":[{"id":343,"href":"https:\/\/www.eyubogluas.com.tr\/en\/wp-json\/wp\/v2\/pages\/39\/revisions\/343"}],"wp:attachment":[{"href":"https:\/\/www.eyubogluas.com.tr\/en\/wp-json\/wp\/v2\/media?parent=39"}],"curies":[{"name":"wp","href":"https:\/\/api.w.org\/{rel}","templated":true}]}}